{"id":14,"date":"2025-07-26T10:40:20","date_gmt":"2025-07-26T10:40:20","guid":{"rendered":"http:\/\/alizbek.cluster021.hosting.ovh.net\/index.php\/contact-us\/"},"modified":"2025-08-20T20:19:21","modified_gmt":"2025-08-20T20:19:21","slug":"contacto","status":"publish","type":"page","link":"https:\/\/alizbeauty.es\/index.php\/contacto\/","title":{"rendered":"Contacto"},"content":{"rendered":"\t\t<div data-elementor-type=\"wp-page\" data-elementor-id=\"14\" class=\"elementor elementor-14\">\n\t\t\t\t<div class=\"elementor-element elementor-element-24c16cf6 e-flex e-con-boxed e-con e-parent\" data-id=\"24c16cf6\" data-element_type=\"container\">\n\t\t\t\t\t<div class=\"e-con-inner\">\n\t\t<div class=\"elementor-element elementor-element-71f79242 e-con-full e-flex e-con e-child\" data-id=\"71f79242\" data-element_type=\"container\">\n\t\t\t\t<div class=\"elementor-element elementor-element-4083a1f8 elementor-widget__width-initial elementor-invisible elementor-widget elementor-widget-heading\" data-id=\"4083a1f8\" data-element_type=\"widget\" data-settings=\"{&quot;_animation&quot;:&quot;fadeIn&quot;}\" data-widget_type=\"heading.default\">\n\t\t\t\t\t<h2 class=\"elementor-heading-title elementor-size-default\">Cont\u00e1ctame<\/h2>\t\t\t\t<\/div>\n\t\t\t\t<div class=\"elementor-element elementor-element-6eec4499 elementor-widget elementor-widget-text-editor\" data-id=\"6eec4499\" data-element_type=\"widget\" data-widget_type=\"text-editor.default\">\n\t\t\t\t\t\t\t\t\t<p>Accede a mis redes o por tel\u00e9fono para concertar una cita.<\/p>\t\t\t\t\t\t\t\t<\/div>\n\t\t\t\t<\/div>\n\t\t<div class=\"elementor-element elementor-element-68890400 e-con-full e-flex e-con e-child\" data-id=\"68890400\" data-element_type=\"container\" data-settings=\"{&quot;background_background&quot;:&quot;classic&quot;}\">\n\t\t\t\t<div class=\"elementor-element elementor-element-64d4499 elementor-widget elementor-widget-image\" data-id=\"64d4499\" data-element_type=\"widget\" data-widget_type=\"image.default\">\n\t\t\t\t\t\t\t\t\t\t\t\t\t\t\t<img fetchpriority=\"high\" decoding=\"async\" width=\"640\" height=\"640\" src=\"https:\/\/alizbeauty.es\/wp-content\/uploads\/2025\/08\/528031738_17852959344503285_6097381916481573614_n-1024x1024.jpg\" class=\"attachment-large size-large wp-image-386\" alt=\"\" srcset=\"https:\/\/alizbeauty.es\/wp-content\/uploads\/2025\/08\/528031738_17852959344503285_6097381916481573614_n-1024x1024.jpg 1024w, https:\/\/alizbeauty.es\/wp-content\/uploads\/2025\/08\/528031738_17852959344503285_6097381916481573614_n-300x300.jpg 300w, https:\/\/alizbeauty.es\/wp-content\/uploads\/2025\/08\/528031738_17852959344503285_6097381916481573614_n-150x150.jpg 150w, https:\/\/alizbeauty.es\/wp-content\/uploads\/2025\/08\/528031738_17852959344503285_6097381916481573614_n-768x768.jpg 768w, https:\/\/alizbeauty.es\/wp-content\/uploads\/2025\/08\/528031738_17852959344503285_6097381916481573614_n.jpg 1080w\" sizes=\"(max-width: 640px) 100vw, 640px\" \/>\t\t\t\t\t\t\t\t\t\t\t\t\t\t\t<\/div>\n\t\t\t\t<\/div>\n\t\t\t\t\t<\/div>\n\t\t\t\t<\/div>\n\t\t<div class=\"elementor-element elementor-element-2696f443 e-flex e-con-boxed e-con e-parent\" data-id=\"2696f443\" data-element_type=\"container\">\n\t\t\t\t\t<div class=\"e-con-inner\">\n\t\t<div class=\"elementor-element elementor-element-11889d7b e-con-full e-flex e-con e-child\" data-id=\"11889d7b\" data-element_type=\"container\" data-settings=\"{&quot;background_background&quot;:&quot;classic&quot;}\">\n\t\t\t\t<div class=\"elementor-element elementor-element-de400a4 elementor-widget elementor-widget-image\" data-id=\"de400a4\" data-element_type=\"widget\" data-widget_type=\"image.default\">\n\t\t\t\t\t\t\t\t\t\t\t\t\t\t\t<img decoding=\"async\" width=\"590\" height=\"555\" src=\"https:\/\/alizbeauty.es\/wp-content\/uploads\/2025\/07\/section1-img.jpg\" class=\"attachment-full size-full wp-image-69\" alt=\"\" srcset=\"https:\/\/alizbeauty.es\/wp-content\/uploads\/2025\/07\/section1-img.jpg 590w, https:\/\/alizbeauty.es\/wp-content\/uploads\/2025\/07\/section1-img-300x282.jpg 300w\" sizes=\"(max-width: 590px) 100vw, 590px\" \/>\t\t\t\t\t\t\t\t\t\t\t\t\t\t\t<\/div>\n\t\t\t\t<\/div>\n\t\t<div class=\"elementor-element elementor-element-6d81f5d7 e-con-full e-flex e-con e-child\" data-id=\"6d81f5d7\" data-element_type=\"container\">\n\t\t\t\t<div class=\"elementor-element elementor-element-6124a2a4 elementor-icon-list--layout-traditional elementor-list-item-link-full_width elementor-widget elementor-widget-icon-list\" data-id=\"6124a2a4\" data-element_type=\"widget\" data-widget_type=\"icon-list.default\">\n\t\t\t\t\t\t\t<ul class=\"elementor-icon-list-items\">\n\t\t\t\t\t\t\t<li class=\"elementor-icon-list-item\">\n\t\t\t\t\t\t\t\t\t\t<span class=\"elementor-icon-list-text\"><b>Direcci\u00f3n:<\/b> Av. La Sardana, Les Borges Blanques, Lleida<\/span>\n\t\t\t\t\t\t\t\t\t<\/li>\n\t\t\t\t\t\t\t\t<li class=\"elementor-icon-list-item\">\n\t\t\t\t\t\t\t\t\t\t<span class=\"elementor-icon-list-text\"><b>Telf:<\/b> 624 00 30 86 (S\u00f3lo mensajes)<\/span>\n\t\t\t\t\t\t\t\t\t<\/li>\n\t\t\t\t\t\t\t\t<li class=\"elementor-icon-list-item\">\n\t\t\t\t\t\t\t\t\t\t\t<a href=\"https:\/\/www.instagram.com\/aliz_beauty1\">\n\n\t\t\t\t\t\t\t\t\t\t\t<span class=\"elementor-icon-list-text\"><b>Instagram:<\/b> https:\/\/www.instagram.com\/aliz_beauty1<\/span>\n\t\t\t\t\t\t\t\t\t\t\t<\/a>\n\t\t\t\t\t\t\t\t\t<\/li>\n\t\t\t\t\t\t<\/ul>\n\t\t\t\t\t\t<\/div>\n\t\t\t\t<\/div>\n\t\t\t\t\t<\/div>\n\t\t\t\t<\/div>\n\t\t\t\t<\/div>\n\t\t","protected":false},"excerpt":{"rendered":"<p>Cont\u00e1ctame Accede a mis redes o por tel\u00e9fono para concertar una cita. Direcci\u00f3n: Av. La Sardana, Les Borges Blanques, Lleida Telf: 624 00 30 86 [&hellip;]<\/p>\n","protected":false},"author":1,"featured_media":0,"parent":0,"menu_order":8,"comment_status":"closed","ping_status":"closed","template":"elementor_header_footer","meta":{"footnotes":""},"class_list":["post-14","page","type-page","status-publish","hentry"],"_links":{"self":[{"href":"https:\/\/alizbeauty.es\/index.php\/wp-json\/wp\/v2\/pages\/14","targetHints":{"allow":["GET"]}}],"collection":[{"href":"https:\/\/alizbeauty.es\/index.php\/wp-json\/wp\/v2\/pages"}],"about":[{"href":"https:\/\/alizbeauty.es\/index.php\/wp-json\/wp\/v2\/types\/page"}],"author":[{"embeddable":true,"href":"https:\/\/alizbeauty.es\/index.php\/wp-json\/wp\/v2\/users\/1"}],"replies":[{"embeddable":true,"href":"https:\/\/alizbeauty.es\/index.php\/wp-json\/wp\/v2\/comments?post=14"}],"version-history":[{"count":32,"href":"https:\/\/alizbeauty.es\/index.php\/wp-json\/wp\/v2\/pages\/14\/revisions"}],"predecessor-version":[{"id":407,"href":"https:\/\/alizbeauty.es\/index.php\/wp-json\/wp\/v2\/pages\/14\/revisions\/407"}],"wp:attachment":[{"href":"https:\/\/alizbeauty.es\/index.php\/wp-json\/wp\/v2\/media?parent=14"}],"curies":[{"name":"wp","href":"https:\/\/api.w.org\/{rel}","templated":true}]}}